{"id":43,"date":"2017-12-17T10:06:43","date_gmt":"2017-12-17T10:06:43","guid":{"rendered":"https:\/\/trucksafarioutdooradventures.com\/new\/about\/"},"modified":"2024-03-20T15:51:22","modified_gmt":"2024-03-20T15:51:22","slug":"acerca-de-nosotros","status":"publish","type":"page","link":"https:\/\/trucksafarioutdooradventures.com\/en\/acerca-de-nosotros\/","title":{"rendered":"About us"},"content":{"rendered":"<div data-elementor-type=\"wp-post\" data-elementor-id=\"43\" class=\"elementor elementor-43\">\n\t\t\t\t<div class=\"elementor-element elementor-element-79b68a0 e-flex e-con-boxed e-con e-parent\" data-id=\"79b68a0\" data-element_type=\"container\" data-settings=\"{&quot;background_background&quot;:&quot;classic&quot;}\">\n\t\t\t\t\t<div class=\"e-con-inner\">\n\t\t<div class=\"elementor-element elementor-element-991f51b e-con-full e-flex e-con e-child\" data-id=\"991f51b\" data-element_type=\"container\">\n\t\t\t\t<div class=\"elementor-element elementor-element-61a32d0 elementor-widget__width-initial elementor-widget elementor-widget-heading\" data-id=\"61a32d0\" data-element_type=\"widget\" data-widget_type=\"heading.default\">\n\t\t\t\t<div class=\"elementor-widget-container\">\n\t\t\t\t\t<h1 class=\"elementor-heading-title elementor-size-default\">We are the pioneers in safari excursions<\/h1>\t\t\t\t<\/div>\n\t\t\t\t<\/div>\n\t\t\t\t<div class=\"elementor-element elementor-element-b0b7f6a elementor-widget__width-initial elementor-widget elementor-widget-heading\" data-id=\"b0b7f6a\" data-element_type=\"widget\" data-widget_type=\"heading.default\">\n\t\t\t\t<div class=\"elementor-widget-container\">\n\t\t\t\t\t<p class=\"elementor-heading-title elementor-size-default translation-block\">In <strong>Punta Cana, Margarita Island and Panama City,<\/strong> Today, 15 years later, we continue to lead the industry ranking among the <strong>best excursion companies in the country.<\/strong><\/p>\t\t\t\t<\/div>\n\t\t\t\t<\/div>\n\t\t\t\t<\/div>\n\t\t\t\t\t<\/div>\n\t\t\t\t<\/div>\n\t\t<div class=\"elementor-element elementor-element-d6f8f8d e-con-full e-flex e-con e-parent\" data-id=\"d6f8f8d\" data-element_type=\"container\" data-settings=\"{&quot;background_background&quot;:&quot;classic&quot;}\">\n\t\t<div class=\"elementor-element elementor-element-af42f05 e-con-full e-flex e-con e-child\" data-id=\"af42f05\" data-element_type=\"container\">\n\t\t<div class=\"elementor-element elementor-element-2a11bca e-con-full e-flex e-con e-child\" data-id=\"2a11bca\" data-element_type=\"container\">\n\t\t<div class=\"elementor-element elementor-element-b4b1dc6 e-con-full e-flex e-con e-child\" data-id=\"b4b1dc6\" data-element_type=\"container\" data-settings=\"{&quot;background_background&quot;:&quot;classic&quot;}\">\n\t\t\t\t<div class=\"elementor-element elementor-element-c16320b elementor-widget-divider--view-line elementor-widget elementor-widget-divider\" data-id=\"c16320b\" data-element_type=\"widget\" data-widget_type=\"divider.default\">\n\t\t\t\t<div class=\"elementor-widget-container\">\n\t\t\t\t\t\t\t<div class=\"elementor-divider\">\n\t\t\t<span class=\"elementor-divider-separator\">\n\t\t\t\t\t\t<\/span>\n\t\t<\/div>\n\t\t\t\t\t\t<\/div>\n\t\t\t\t<\/div>\n\t\t\t\t<div class=\"elementor-element elementor-element-4ecfbe7 elementor-widget elementor-widget-image-box\" data-id=\"4ecfbe7\" data-element_type=\"widget\" data-widget_type=\"image-box.default\">\n\t\t\t\t<div class=\"elementor-widget-container\">\n\t\t\t\t\t<div class=\"elementor-image-box-wrapper\"><div class=\"elementor-image-box-content\"><h2 class=\"elementor-image-box-title\">About us<\/h2><p class=\"elementor-image-box-description\">We are a company dedicated to providing healthy, safe and sporting VIP excursions to all those tour operators, cruises, and travel agencies interested in marketing an unusual tourist activity.<\/p><\/div><\/div>\t\t\t\t<\/div>\n\t\t\t\t<\/div>\n\t\t\t\t<\/div>\n\t\t<div class=\"elementor-element elementor-element-b446397 e-con-full e-flex e-con e-child\" data-id=\"b446397\" data-element_type=\"container\" data-settings=\"{&quot;background_background&quot;:&quot;classic&quot;}\">\n\t\t\t\t<div class=\"elementor-element elementor-element-4cf590a elementor-hidden-desktop elementor-hidden-tablet elementor-widget elementor-widget-image\" data-id=\"4cf590a\" data-element_type=\"widget\" data-widget_type=\"image.default\">\n\t\t\t\t<div class=\"elementor-widget-container\">\n\t\t\t\t\t\t\t\t\t\t\t\t\t\t\t<img fetchpriority=\"high\" decoding=\"async\" width=\"1024\" height=\"576\" src=\"https:\/\/trucksafarioutdooradventures.com\/wp-content\/uploads\/2024\/02\/truck-safari-feat-4-1024x576.webp\" class=\"attachment-large size-large wp-image-4948\" alt=\"Truck Safari Outdoor Adventures\" srcset=\"https:\/\/trucksafarioutdooradventures.com\/wp-content\/uploads\/2024\/02\/truck-safari-feat-4-1024x576.webp 1024w, https:\/\/trucksafarioutdooradventures.com\/wp-content\/uploads\/2024\/02\/truck-safari-feat-4-300x169.webp 300w, https:\/\/trucksafarioutdooradventures.com\/wp-content\/uploads\/2024\/02\/truck-safari-feat-4-768x432.webp 768w, https:\/\/trucksafarioutdooradventures.com\/wp-content\/uploads\/2024\/02\/truck-safari-feat-4-200x113.webp 200w, https:\/\/trucksafarioutdooradventures.com\/wp-content\/uploads\/2024\/02\/truck-safari-feat-4.webp 1200w\" sizes=\"(max-width: 1024px) 100vw, 1024px\" \/>\t\t\t\t\t\t\t\t\t\t\t\t\t\t\t<\/div>\n\t\t\t\t<\/div>\n\t\t\t\t<\/div>\n\t\t<div class=\"elementor-element elementor-element-d8389aa e-con-full e-flex e-con e-child\" data-id=\"d8389aa\" data-element_type=\"container\" data-settings=\"{&quot;background_background&quot;:&quot;classic&quot;}\">\n\t\t\t\t<div class=\"elementor-element elementor-element-8b27a23 elementor-hidden-desktop elementor-hidden-tablet elementor-widget elementor-widget-image\" data-id=\"8b27a23\" data-element_type=\"widget\" data-widget_type=\"image.default\">\n\t\t\t\t<div class=\"elementor-widget-container\">\n\t\t\t\t\t\t\t\t\t\t\t\t\t\t\t<img decoding=\"async\" width=\"1024\" height=\"576\" src=\"https:\/\/trucksafarioutdooradventures.com\/wp-content\/uploads\/2024\/02\/truck-safari-feat-5-1024x576.webp\" class=\"attachment-large size-large wp-image-4969\" alt=\"Truck Safari Outdoor Adventures\" srcset=\"https:\/\/trucksafarioutdooradventures.com\/wp-content\/uploads\/2024\/02\/truck-safari-feat-5-1024x576.webp 1024w, https:\/\/trucksafarioutdooradventures.com\/wp-content\/uploads\/2024\/02\/truck-safari-feat-5-300x169.webp 300w, https:\/\/trucksafarioutdooradventures.com\/wp-content\/uploads\/2024\/02\/truck-safari-feat-5-768x432.webp 768w, https:\/\/trucksafarioutdooradventures.com\/wp-content\/uploads\/2024\/02\/truck-safari-feat-5-200x113.webp 200w, https:\/\/trucksafarioutdooradventures.com\/wp-content\/uploads\/2024\/02\/truck-safari-feat-5.webp 1200w\" sizes=\"(max-width: 1024px) 100vw, 1024px\" \/>\t\t\t\t\t\t\t\t\t\t\t\t\t\t\t<\/div>\n\t\t\t\t<\/div>\n\t\t\t\t<\/div>\n\t\t<div class=\"elementor-element elementor-element-1b9f94d e-con-full e-flex e-con e-child\" data-id=\"1b9f94d\" data-element_type=\"container\" data-settings=\"{&quot;background_background&quot;:&quot;classic&quot;}\">\n\t\t\t\t<div class=\"elementor-element elementor-element-560f307 elementor-widget-divider--view-line elementor-widget elementor-widget-divider\" data-id=\"560f307\" data-element_type=\"widget\" data-widget_type=\"divider.default\">\n\t\t\t\t<div class=\"elementor-widget-container\">\n\t\t\t\t\t\t\t<div class=\"elementor-divider\">\n\t\t\t<span class=\"elementor-divider-separator\">\n\t\t\t\t\t\t<\/span>\n\t\t<\/div>\n\t\t\t\t\t\t<\/div>\n\t\t\t\t<\/div>\n\t\t\t\t<div class=\"elementor-element elementor-element-223502d elementor-widget elementor-widget-image-box\" data-id=\"223502d\" data-element_type=\"widget\" data-widget_type=\"image-box.default\">\n\t\t\t\t<div class=\"elementor-widget-container\">\n\t\t\t\t\t<div class=\"elementor-image-box-wrapper\"><div class=\"elementor-image-box-content\"><h2 class=\"elementor-image-box-title\">Mission<\/h2><p class=\"elementor-image-box-description\">Address the needs of the market, offering our clients the most complete package of transfers, water and land excursions, merging together two fundamental points for their success \"QUALITY + SERVICE\" thereby achieving the total satisfaction of our demanding clients.<\/p><\/div><\/div>\t\t\t\t<\/div>\n\t\t\t\t<\/div>\n\t\t\t\t<\/div>\n\t\t<div class=\"elementor-element elementor-element-c7cae4f e-con-full e-flex e-con e-child\" data-id=\"c7cae4f\" data-element_type=\"container\" data-settings=\"{&quot;background_background&quot;:&quot;classic&quot;}\">\n\t\t\t\t<div class=\"elementor-element elementor-element-d1c87ce elementor-widget-divider--view-line elementor-widget elementor-widget-divider\" data-id=\"d1c87ce\" data-element_type=\"widget\" data-widget_type=\"divider.default\">\n\t\t\t\t<div class=\"elementor-widget-container\">\n\t\t\t\t\t\t\t<div class=\"elementor-divider\">\n\t\t\t<span class=\"elementor-divider-separator\">\n\t\t\t\t\t\t<\/span>\n\t\t<\/div>\n\t\t\t\t\t\t<\/div>\n\t\t\t\t<\/div>\n\t\t\t\t<div class=\"elementor-element elementor-element-516bd68 elementor-widget elementor-widget-image-box\" data-id=\"516bd68\" data-element_type=\"widget\" data-widget_type=\"image-box.default\">\n\t\t\t\t<div class=\"elementor-widget-container\">\n\t\t\t\t\t<div class=\"elementor-image-box-wrapper\"><div class=\"elementor-image-box-content\"><h2 class=\"elementor-image-box-title\">Our values<\/h2><p class=\"elementor-image-box-description\">Innovate and create in any development opportunity, God is the success of our company, Always keep quality and service high, Practice honesty, integrity, professionalism and use our experience and knowledge to implement the highest quality standards.<\/p><\/div><\/div>\t\t\t\t<\/div>\n\t\t\t\t<\/div>\n\t\t\t\t<\/div>\n\t\t<div class=\"elementor-element elementor-element-7e6b354 e-con-full e-flex e-con e-child\" data-id=\"7e6b354\" data-element_type=\"container\" data-settings=\"{&quot;background_background&quot;:&quot;classic&quot;}\">\n\t\t\t\t<div class=\"elementor-element elementor-element-253965a elementor-hidden-desktop elementor-hidden-tablet elementor-widget elementor-widget-image\" data-id=\"253965a\" data-element_type=\"widget\" data-widget_type=\"image.default\">\n\t\t\t\t<div class=\"elementor-widget-container\">\n\t\t\t\t\t\t\t\t\t\t\t\t\t\t\t<img decoding=\"async\" width=\"1024\" height=\"576\" src=\"https:\/\/trucksafarioutdooradventures.com\/wp-content\/uploads\/2024\/02\/truck-safari-feat-6-1024x576.webp\" class=\"attachment-large size-large wp-image-4973\" alt=\"Truck Safari Outdoor Adventures\" srcset=\"https:\/\/trucksafarioutdooradventures.com\/wp-content\/uploads\/2024\/02\/truck-safari-feat-6-1024x576.webp 1024w, https:\/\/trucksafarioutdooradventures.com\/wp-content\/uploads\/2024\/02\/truck-safari-feat-6-300x169.webp 300w, https:\/\/trucksafarioutdooradventures.com\/wp-content\/uploads\/2024\/02\/truck-safari-feat-6-768x432.webp 768w, https:\/\/trucksafarioutdooradventures.com\/wp-content\/uploads\/2024\/02\/truck-safari-feat-6-200x113.webp 200w, https:\/\/trucksafarioutdooradventures.com\/wp-content\/uploads\/2024\/02\/truck-safari-feat-6.webp 1200w\" sizes=\"(max-width: 1024px) 100vw, 1024px\" \/>\t\t\t\t\t\t\t\t\t\t\t\t\t\t\t<\/div>\n\t\t\t\t<\/div>\n\t\t\t\t<\/div>\n\t\t\t\t<\/div>\n\t\t\t\t<\/div>\n\t\t\t\t<\/div>\n\t\t<div class=\"elementor-element elementor-element-undefined-eecc228 e-flex e-con-boxed e-con e-parent\" data-id=\"undefined-eecc228\" data-element_type=\"container\" data-settings=\"{&quot;background_background&quot;:&quot;classic&quot;}\">\n\t\t\t\t\t<div class=\"e-con-inner\">\n\t\t<div class=\"elementor-element elementor-element-undefined-bce6bfe e-con-full e-flex e-con e-child\" data-id=\"undefined-bce6bfe\" data-element_type=\"container\">\n\t\t\t\t<div class=\"elementor-element elementor-element-undefined-47bbd42 elementor-widget elementor-widget-heading\" data-id=\"undefined-47bbd42\" data-element_type=\"widget\" data-widget_type=\"heading.default\">\n\t\t\t\t<div class=\"elementor-widget-container\">\n\t\t\t\t\t<h2 class=\"elementor-heading-title elementor-size-default\">Exceptional Guides and Drivers<\/h2>\t\t\t\t<\/div>\n\t\t\t\t<\/div>\n\t\t\t\t<div class=\"elementor-element elementor-element-undefined-aceb16a elementor-widget elementor-widget-text-editor\" data-id=\"undefined-aceb16a\" data-element_type=\"widget\" data-widget_type=\"text-editor.default\">\n\t\t\t\t<div class=\"elementor-widget-container\">\n\t\t\t\t\t\t\t\t\t<p>We stand out for our exceptional guides and drivers who will not only make your tour very informative with their knowledge and experience about the country, but will also make your trip very fun with their animation. Because of this, your tour will perhaps be the most memorable and enjoyable of your entire life, while you are enjoying the experience.<\/p>\t\t\t\t\t\t\t\t<\/div>\n\t\t\t\t<\/div>\n\t\t\t\t<\/div>\n\t\t\t\t\t<\/div>\n\t\t\t\t<\/div>\n\t\t<div class=\"elementor-element elementor-element-92fefc5 e-con-full e-flex e-con e-parent\" data-id=\"92fefc5\" data-element_type=\"container\" data-settings=\"{&quot;background_background&quot;:&quot;classic&quot;}\">\n\t\t<div class=\"elementor-element elementor-element-904ed53 e-con-full e-flex e-con e-child\" data-id=\"904ed53\" data-element_type=\"container\">\n\t\t<div class=\"elementor-element elementor-element-1b4ca03 e-con-full e-flex e-con e-child\" data-id=\"1b4ca03\" data-element_type=\"container\">\n\t\t<div class=\"elementor-element elementor-element-ee0caac e-con-full e-flex e-con e-child\" data-id=\"ee0caac\" data-element_type=\"container\" data-settings=\"{&quot;background_background&quot;:&quot;classic&quot;}\">\n\t\t\t\t<div class=\"elementor-element elementor-element-11c16fc elementor-widget-divider--view-line elementor-widget elementor-widget-divider\" data-id=\"11c16fc\" data-element_type=\"widget\" data-widget_type=\"divider.default\">\n\t\t\t\t<div class=\"elementor-widget-container\">\n\t\t\t\t\t\t\t<div class=\"elementor-divider\">\n\t\t\t<span class=\"elementor-divider-separator\">\n\t\t\t\t\t\t<\/span>\n\t\t<\/div>\n\t\t\t\t\t\t<\/div>\n\t\t\t\t<\/div>\n\t\t\t\t<div class=\"elementor-element elementor-element-b49eea9 elementor-widget elementor-widget-image-box\" data-id=\"b49eea9\" data-element_type=\"widget\" data-widget_type=\"image-box.default\">\n\t\t\t\t<div class=\"elementor-widget-container\">\n\t\t\t\t\t<div class=\"elementor-image-box-wrapper\"><div class=\"elementor-image-box-content\"><h2 class=\"elementor-image-box-title\">The best safari adventures in Panama<\/h2><p class=\"elementor-image-box-description\">We are a franchise around the Caribbean islands such as the Dominican Republic, Margarita Island and Panama City, we would love to be part of your Panama vacation programs. Here, on this page, we will show you our plans and programs of our all-inclusive tours.<\/p><\/div><\/div>\t\t\t\t<\/div>\n\t\t\t\t<\/div>\n\t\t\t\t<\/div>\n\t\t<div class=\"elementor-element elementor-element-a1bc720 e-con-full e-flex e-con e-child\" data-id=\"a1bc720\" data-element_type=\"container\" data-settings=\"{&quot;background_background&quot;:&quot;classic&quot;}\">\n\t\t\t\t<div class=\"elementor-element elementor-element-3fbc205 elementor-hidden-desktop elementor-hidden-tablet elementor-widget elementor-widget-image\" data-id=\"3fbc205\" data-element_type=\"widget\" data-widget_type=\"image.default\">\n\t\t\t\t<div class=\"elementor-widget-container\">\n\t\t\t\t\t\t\t\t\t\t\t\t\t\t\t<img loading=\"lazy\" decoding=\"async\" width=\"1024\" height=\"576\" src=\"https:\/\/trucksafarioutdooradventures.com\/wp-content\/uploads\/2024\/03\/truck-safari-feat-8-1024x576.webp\" class=\"attachment-large size-large wp-image-5010\" alt=\"Truck Safari Outdoor Adventures\" srcset=\"https:\/\/trucksafarioutdooradventures.com\/wp-content\/uploads\/2024\/03\/truck-safari-feat-8-1024x576.webp 1024w, https:\/\/trucksafarioutdooradventures.com\/wp-content\/uploads\/2024\/03\/truck-safari-feat-8-300x169.webp 300w, https:\/\/trucksafarioutdooradventures.com\/wp-content\/uploads\/2024\/03\/truck-safari-feat-8-768x432.webp 768w, https:\/\/trucksafarioutdooradventures.com\/wp-content\/uploads\/2024\/03\/truck-safari-feat-8-200x113.webp 200w, https:\/\/trucksafarioutdooradventures.com\/wp-content\/uploads\/2024\/03\/truck-safari-feat-8.webp 1200w\" sizes=\"(max-width: 1024px) 100vw, 1024px\" \/>\t\t\t\t\t\t\t\t\t\t\t\t\t\t\t<\/div>\n\t\t\t\t<\/div>\n\t\t\t\t<\/div>\n\t\t<div class=\"elementor-element elementor-element-82455a3 e-con-full e-flex e-con e-child\" data-id=\"82455a3\" data-element_type=\"container\" data-settings=\"{&quot;background_background&quot;:&quot;classic&quot;}\">\n\t\t\t\t<div class=\"elementor-element elementor-element-fc42968 elementor-hidden-desktop elementor-hidden-tablet elementor-widget elementor-widget-image\" data-id=\"fc42968\" data-element_type=\"widget\" data-widget_type=\"image.default\">\n\t\t\t\t<div class=\"elementor-widget-container\">\n\t\t\t\t\t\t\t\t\t\t\t\t\t\t\t<img loading=\"lazy\" decoding=\"async\" width=\"1024\" height=\"576\" src=\"https:\/\/trucksafarioutdooradventures.com\/wp-content\/uploads\/2024\/03\/truck-safari-feat-9a-1024x576.webp\" class=\"attachment-large size-large wp-image-5017\" alt=\"Truck Safari Outdoor Adventures\" srcset=\"https:\/\/trucksafarioutdooradventures.com\/wp-content\/uploads\/2024\/03\/truck-safari-feat-9a-1024x576.webp 1024w, https:\/\/trucksafarioutdooradventures.com\/wp-content\/uploads\/2024\/03\/truck-safari-feat-9a-300x169.webp 300w, https:\/\/trucksafarioutdooradventures.com\/wp-content\/uploads\/2024\/03\/truck-safari-feat-9a-768x432.webp 768w, https:\/\/trucksafarioutdooradventures.com\/wp-content\/uploads\/2024\/03\/truck-safari-feat-9a-200x113.webp 200w, https:\/\/trucksafarioutdooradventures.com\/wp-content\/uploads\/2024\/03\/truck-safari-feat-9a.webp 1200w\" sizes=\"(max-width: 1024px) 100vw, 1024px\" \/>\t\t\t\t\t\t\t\t\t\t\t\t\t\t\t<\/div>\n\t\t\t\t<\/div>\n\t\t\t\t<\/div>\n\t\t<div class=\"elementor-element elementor-element-9b8235c e-con-full e-flex e-con e-child\" data-id=\"9b8235c\" data-element_type=\"container\" data-settings=\"{&quot;background_background&quot;:&quot;classic&quot;}\">\n\t\t\t\t<div class=\"elementor-element elementor-element-99f001f elementor-widget-divider--view-line elementor-widget elementor-widget-divider\" data-id=\"99f001f\" data-element_type=\"widget\" data-widget_type=\"divider.default\">\n\t\t\t\t<div class=\"elementor-widget-container\">\n\t\t\t\t\t\t\t<div class=\"elementor-divider\">\n\t\t\t<span class=\"elementor-divider-separator\">\n\t\t\t\t\t\t<\/span>\n\t\t<\/div>\n\t\t\t\t\t\t<\/div>\n\t\t\t\t<\/div>\n\t\t\t\t<div class=\"elementor-element elementor-element-1760682 elementor-widget elementor-widget-image-box\" data-id=\"1760682\" data-element_type=\"widget\" data-widget_type=\"image-box.default\">\n\t\t\t\t<div class=\"elementor-widget-container\">\n\t\t\t\t\t<div class=\"elementor-image-box-wrapper\"><div class=\"elementor-image-box-content\"><h2 class=\"elementor-image-box-title\">The best quality in Panama tours<\/h2><p class=\"elementor-image-box-description\">Please if you need more information do not forget to contact us. Providing the service and standard that our clients expect is not an easy task. But we know that our success has been based on making each of you a happy and satisfied customer. For this reason, we continue to grow to continue offering high-quality tours.<\/p><\/div><\/div>\t\t\t\t<\/div>\n\t\t\t\t<\/div>\n\t\t\t\t<\/div>\n\t\t\t\t<\/div>\n\t\t\t\t<\/div>\n\t\t\t\t<\/div>\n\t\t<div class=\"elementor-element elementor-element-3bf813d e-flex e-con-boxed e-con e-parent\" data-id=\"3bf813d\" data-element_type=\"container\">\n\t\t\t\t\t<div class=\"e-con-inner\">\n\t\t\t\t<div class=\"elementor-element elementor-element-85e2186 elementor-widget elementor-widget-text-editor\" data-id=\"85e2186\" data-element_type=\"widget\" data-widget_type=\"text-editor.default\">\n\t\t\t\t<div class=\"elementor-widget-container\">\n\t\t\t\t\t\t\t\t\t<p>We hope you become part of the thousands of visitors who have expressed that their Safari was the best part of their vacation. Whether it's a half or full day, you'll return home with a unique perspective and the feeling that you've seen this country outside of your hotel. In just a few hours, you will experience the rich cultural traditions and beauty of Panama's natural countryside and its people. Please feel free to browse the information we have provided on the different tours and contact us with any questions or requests you may have.<\/p><p class=\"translation-block\">Come join us to see the other side of Panama and experience its people, culture and countryside. If you have any questions or comments, please email me at:\u00a0<a href=\"mailto:trucksafari@hotmail.com\" target=\"_self\">trucksafari@hotmail.com<\/a> Please check all our social networks under the name <strong>TRUCK SAFARI<\/strong>. Thank you<\/p>\t\t\t\t\t\t\t\t<\/div>\n\t\t\t\t<\/div>\n\t\t\t\t\t<\/div>\n\t\t\t\t<\/div>\n\t\t\t\t<\/div>","protected":false},"excerpt":{"rendered":"<p>Somos los pioneros en excursiones de safari En Punta Cana, Isla Margarita y Ciudad de Panam\u00e1, Hoy, 15 a\u00f1os despu\u00e9s, continuamos liderando el ranking de la industria entre las mejores compa\u00f1\u00edas de excursiones en el pa\u00eds. Qui\u00e9nes somos Somos una compa\u00f1\u00eda dedicada a proveer excursiones VIP sanas, seguras y deportivas a todos aquellos tours operadores, [&hellip;]<\/p>","protected":false},"author":1,"featured_media":0,"parent":0,"menu_order":0,"comment_status":"closed","ping_status":"closed","template":"","meta":{"om_disable_all_campaigns":false,"site-sidebar-layout":"no-sidebar","site-content-layout":"page-builder","ast-site-content-layout":"full-width-container","site-content-style":"unboxed","site-sidebar-style":"unboxed","ast-global-header-display":"","ast-banner-title-visibility":"","ast-main-header-display":"","ast-hfb-above-header-display":"","ast-hfb-below-header-display":"","ast-hfb-mobile-header-display":"","site-post-title":"disabled","ast-breadcrumbs-content":"","ast-featured-img":"disabled","footer-sml-layout":"","theme-transparent-header-meta":"enabled","adv-header-id-meta":"","stick-header-meta":"","header-above-stick-meta":"","header-main-stick-meta":"","header-below-stick-meta":"","astra-migrate-meta-layouts":"set","ast-page-background-enabled":"default","ast-page-background-meta":{"desktop":{"background-color":"","background-image":"","background-repeat":"repeat","background-position":"center center","background-size":"auto","background-attachment":"scroll","background-type":"","background-media":"","overlay-type":"","overlay-color":"","overlay-opacity":"","overlay-gradient":""},"tablet":{"background-color":"","background-image":"","background-repeat":"repeat","background-position":"center center","background-size":"auto","background-attachment":"scroll","background-type":"","background-media":"","overlay-type":"","overlay-color":"","overlay-opacity":"","overlay-gradient":""},"mobile":{"background-color":"","background-image":"","background-repeat":"repeat","background-position":"center center","background-size":"auto","background-attachment":"scroll","background-type":"","background-media":"","overlay-type":"","overlay-color":"","overlay-opacity":"","overlay-gradient":""}},"ast-content-background-meta":{"desktop":{"background-color":"var(--ast-global-color-5)","background-image":"","background-repeat":"repeat","background-position":"center center","background-size":"auto","background-attachment":"scroll","background-type":"","background-media":"","overlay-type":"","overlay-color":"","overlay-opacity":"","overlay-gradient":""},"tablet":{"background-color":"var(--ast-global-color-5)","background-image":"","background-repeat":"repeat","background-position":"center center","background-size":"auto","background-attachment":"scroll","background-type":"","background-media":"","overlay-type":"","overlay-color":"","overlay-opacity":"","overlay-gradient":""},"mobile":{"background-color":"var(--ast-global-color-5)","background-image":"","background-repeat":"repeat","background-position":"center center","background-size":"auto","background-attachment":"scroll","background-type":"","background-media":"","overlay-type":"","overlay-color":"","overlay-opacity":"","overlay-gradient":""}},"footnotes":""},"class_list":["post-43","page","type-page","status-publish","hentry"],"_links":{"self":[{"href":"https:\/\/trucksafarioutdooradventures.com\/en\/wp-json\/wp\/v2\/pages\/43","targetHints":{"allow":["GET"]}}],"collection":[{"href":"https:\/\/trucksafarioutdooradventures.com\/en\/wp-json\/wp\/v2\/pages"}],"about":[{"href":"https:\/\/trucksafarioutdooradventures.com\/en\/wp-json\/wp\/v2\/types\/page"}],"author":[{"embeddable":true,"href":"https:\/\/trucksafarioutdooradventures.com\/en\/wp-json\/wp\/v2\/users\/1"}],"replies":[{"embeddable":true,"href":"https:\/\/trucksafarioutdooradventures.com\/en\/wp-json\/wp\/v2\/comments?post=43"}],"version-history":[{"count":5,"href":"https:\/\/trucksafarioutdooradventures.com\/en\/wp-json\/wp\/v2\/pages\/43\/revisions"}],"predecessor-version":[{"id":5615,"href":"https:\/\/trucksafarioutdooradventures.com\/en\/wp-json\/wp\/v2\/pages\/43\/revisions\/5615"}],"wp:attachment":[{"href":"https:\/\/trucksafarioutdooradventures.com\/en\/wp-json\/wp\/v2\/media?parent=43"}],"curies":[{"name":"wp","href":"https:\/\/api.w.org\/{rel}","templated":true}]}}